{"id":7,"date":"2015-03-15T21:35:26","date_gmt":"2015-03-15T20:35:26","guid":{"rendered":"http:\/\/eiledemo.serveblog.net:4711\/wordpress\/?page_id=7"},"modified":"2016-06-06T00:14:02","modified_gmt":"2016-06-05T22:14:02","slug":"ueber-uns","status":"publish","type":"page","link":"https:\/\/www.rv-eile.de\/index.php\/ueber-uns\/","title":{"rendered":"\u00dcber Uns"},"content":{"rendered":"<div id=\"der_inhalt\">\n<div id=\"fe_PreviewContent\">\n<div id=\"LayoutLYR\">\n<div id=\"Laufschrift1LYR\">\n<p>Wir sind ein lockerer Verein von freundlichen und offenen Frauen und M\u00e4nnern jeglichen Alters mit verschiedensten Ambitionen f\u00fcr das Radfahren:<br \/>\nVom leistungsmotivierten Rennradfahrer bis zum gem\u00fctlichen Hobby-Radler findet jeder bei uns einen Platz, wo er zusammen mit Gleichgesinnten bei gemeinsamen Ausfahrten das Radfahren als Gemeinschaftserlebnis genie\u00dfen kann.<\/p>\n<p>Was uns alle verbindet ist die Begeisterung f\u00fcr das Radfahren, egal ob mit der Rennmaschine, dem Mountain-Bike oder einem Trekking-Rad.<\/p>\n<p>Bei den Ausfahrten stehen Spa\u00df, Wohlgef\u00fchl und gemeinsames Erleben im Vordergrund. Deswegen nehmen wir R\u00fccksicht auf das Leistungsverm\u00f6gen der Mitfahrer &#8211; es finden sich immer leistungsgleiche Fahrer in einer Gruppe zusammen. Tourenl\u00e4ngen bewegen sich zwischen 80 \u2013 120km. Wichtige Anfahrpunkte bei jeder Ausfahrt sind Bierg\u00e4rten.<\/p>\n<p>Neben regelm\u00e4\u00dfigen Veranstaltungen und Ausfahrten im Jahr verabredet man sich in kleineren Gruppen zu Tagestouren hier in der Gegend.<\/p>\n<p>Regelm\u00e4\u00dfige Termine sind:<\/p>\n<ul>\n<li>R\u00e4dlesmarkt im M\u00e4rz<\/li>\n<li>Saisoner\u00f6ffnungs-Ausfahrt im April\/Mai<\/li>\n<li>Diverse Tagestouren ohne festen Termin<\/li>\n<li>\u201eViertels-Radeln f\u00fcr alle die es gem\u00e4chlich lieben<\/li>\n<li>Mehrt\u00e4gige Radfernfahrten alle zwei Jahre<\/li>\n<li>Saison-Abschlu\u00dffahrt im September<\/li>\n<\/ul>\n<p>Interesse geweckt und Lust zum Mitmachen? Wir freuen uns \u00fcber Deine <a title=\"Der Vorstand\" href=\"mailto:rv-eile@rv-eile.de\"><strong>Kontaktaufnahme<\/strong><\/a>!<\/p>\n<p><a href=\"http:\/\/www.rv-eile.de\/index.php\/der-vorstand-3\/\">Der EILE-Vorstand<\/a><\/p>\n<\/div>\n<\/div>\n<\/div>\n<\/div>\n","protected":false},"excerpt":{"rendered":"<p>Wir sind ein lockerer Verein von freundlichen und offenen Frauen und M\u00e4nnern jeglichen Alters mit verschiedensten Ambitionen f\u00fcr das Radfahren: Vom leistungsmotivierten Rennradfahrer bis zum gem\u00fctlichen Hobby-Radler findet jeder bei [&hellip;]<\/p>\n","protected":false},"author":1,"featured_media":0,"parent":0,"menu_order":0,"comment_status":"closed","ping_status":"closed","template":"","meta":{"footnotes":""},"myctp_categories":[],"myctp_tags":[],"_links":{"self":[{"href":"https:\/\/www.rv-eile.de\/index.php\/wp-json\/wp\/v2\/pages\/7"}],"collection":[{"href":"https:\/\/www.rv-eile.de\/index.php\/wp-json\/wp\/v2\/pages"}],"about":[{"href":"https:\/\/www.rv-eile.de\/index.php\/wp-json\/wp\/v2\/types\/page"}],"author":[{"embeddable":true,"href":"https:\/\/www.rv-eile.de\/index.php\/wp-json\/wp\/v2\/users\/1"}],"replies":[{"embeddable":true,"href":"https:\/\/www.rv-eile.de\/index.php\/wp-json\/wp\/v2\/comments?post=7"}],"version-history":[{"count":3,"href":"https:\/\/www.rv-eile.de\/index.php\/wp-json\/wp\/v2\/pages\/7\/revisions"}],"predecessor-version":[{"id":461,"href":"https:\/\/www.rv-eile.de\/index.php\/wp-json\/wp\/v2\/pages\/7\/revisions\/461"}],"wp:attachment":[{"href":"https:\/\/www.rv-eile.de\/index.php\/wp-json\/wp\/v2\/media?parent=7"}],"wp:term":[{"taxonomy":"myctp_categories","embeddable":true,"href":"https:\/\/www.rv-eile.de\/index.php\/wp-json\/wp\/v2\/myctp_categories?post=7"},{"taxonomy":"myctp_tags","embeddable":true,"href":"https:\/\/www.rv-eile.de\/index.php\/wp-json\/wp\/v2\/myctp_tags?post=7"}],"curies":[{"name":"wp","href":"https:\/\/api.w.org\/{rel}","templated":true}]}}