{"id":5,"date":"2015-03-15T21:34:54","date_gmt":"2015-03-15T20:34:54","guid":{"rendered":"http:\/\/eiledemo.serveblog.net:4711\/wordpress\/?page_id=4"},"modified":"2024-03-21T15:49:20","modified_gmt":"2024-03-21T14:49:20","slug":"willkommen","status":"publish","type":"page","link":"https:\/\/www.rv-eile.de\/","title":{"rendered":"Willkommen"},"content":{"rendered":"<h1 style=\"text-align: center; padding-left: 40px;\"><span style=\"color: #ff0000;\">\u00a0<\/span>Herzlich Willkommen auf der Webseite des Radfahrvereins Eile Degerschlacht!<\/h1>\n<h6 class=\"\u0722erschrift1\">\u201eRadfahren wird gr\u00fcblerischen Naturen die Frage nach dem Sinn des Lebens nicht beantworten, aber stundenweise begl\u00fcckend von ihr wegf\u00fchren&#8220;Michael Klonovsky, Autor des Buches \u201eRadfahren&#8220;<i class=\"\u0722erschrift1\"><\/i><\/h6>\n<div style=\"text-align: center;\">\n\t<ul id=\"slideshowcustom839\" class=\"slideshowcustom839\" style=\"display:none;\">\n\t\t\t\t\t<!-- From all slides or gallery slides -->\n\t\t\t\t\t\t\t\n\t\t\t\t<li>\n\t\t\t\t\t<h3 style=\"opacity:70;\"> <\/h3>\n\t\t\t\t\t\t\t\t\t\t\t<span data-alt=\"-\">https:\/\/www.rv-eile.de\/wp-content\/uploads\/2015\/04\/slide03-1080x608.jpg<\/span>\n\t\t\t\t\t\t\t\t\t\t<p><\/p>\n\t\t\t\t\t\t\t\t\t\t\t\t\t\t\t\t\t\t<a><\/a>\n\t\t\t\t\t\t\t\t\t\t\t\t\t\t\t<\/li>\n\t\t\t\t\t\t\t\n\t\t\t\t<li>\n\t\t\t\t\t<h3 style=\"opacity:70;\"> <\/h3>\n\t\t\t\t\t\t\t\t\t\t\t<span data-alt=\"-\">https:\/\/www.rv-eile.de\/wp-content\/uploads\/2015\/04\/slide07-1080x608.jpg<\/span>\n\t\t\t\t\t\t\t\t\t\t<p><\/p>\n\t\t\t\t\t\t\t\t\t\t\t\t\t\t\t\t\t\t<a><\/a>\n\t\t\t\t\t\t\t\t\t\t\t\t\t\t\t<\/li>\n\t\t\t\t\t\t\t\n\t\t\t\t<li>\n\t\t\t\t\t<h3 style=\"opacity:70;\"> <\/h3>\n\t\t\t\t\t\t\t\t\t\t\t<span data-alt=\"-\">https:\/\/www.rv-eile.de\/wp-content\/uploads\/2015\/05\/Farradgemsen-016-1080x608.jpg<\/span>\n\t\t\t\t\t\t\t\t\t\t<p><\/p>\n\t\t\t\t\t\t\t\t\t\t\t\t\t\t\t\t\t\t<a><\/a>\n\t\t\t\t\t\t\t\t\t\t\t\t\t\t\t<\/li>\n\t\t\t\t\t\t\t\n\t\t\t\t<li>\n\t\t\t\t\t<h3 style=\"opacity:70;\"> <\/h3>\n\t\t\t\t\t\t\t\t\t\t\t<span data-alt=\"-\">https:\/\/www.rv-eile.de\/wp-content\/uploads\/2015\/06\/Farradgemsen-16-9-1080x608.jpg<\/span>\n\t\t\t\t\t\t\t\t\t\t<p><\/p>\n\t\t\t\t\t\t\t\t\t\t\t\t\t\t\t\t\t\t<a><\/a>\n\t\t\t\t\t\t\t\t\t\t\t\t\t\t\t<\/li>\n\t\t\t\t\t\t<\/ul>\n\t\n\t<div id=\"slideshow-wrappercustom839\" class=\"slideshow-wrapper\">\n\t\t\t\n\t\t<div class=\"slideshow-fullsize\" id=\"fullsizecustom839\">\n\t\t\t\t\t\t\t\t\t\t\t\t\t\t<div id=\"imgprevcustom839\" class=\"slideshow-imgprev imgnav\" title=\"Previous Image\">Previous Image<\/div>\n\t\t\t\t\t\t<a id=\"imglinkcustom839\" class=\"slideshow-imglink imglink\"><!-- link --><\/a>\n\t\t\t\t\t\t\t\t\t\t\t<div id=\"imgnextcustom839\" class=\"slideshow-imgnext imgnav\" title=\"Next Image\">Next Image<\/div>\n\t\t\t\t\t\t<div id=\"imagecustom839\" class=\"slideshow-image\"><\/div>\n\t\t\t<div class=\"slideshow-information infobottom\" id=\"informationcustom839\">\n\t\t\t\t<h3 class=\"slideshow-info-heading\">info heading<\/h3>\n\t\t\t\t<p class=\"slideshow-info-content\">info content<\/p>\n\t\t\t<\/div>\n\t\t<\/div>\n\t\t\n\t\t\t<\/div>\n\t\n\t\n\t<!-- Slideshow Gallery Javascript BEG -->\t\t<script type=\"text\/javascript\">\tjQuery.noConflict();\ttid('slideshowcustom839').style.display = \"none\";\ttid('slideshow-wrappercustom839').style.display = 'block';\ttid('slideshow-wrappercustom839').style.visibility = 'hidden';\tvar spinnerDiv = document.createElement('div');\tspinnerDiv.setAttribute('id', 'spinnercustom839');\tspinnerDiv.innerHTML = '<i class=\"fa fa-cog fa-spin\"><\/i>';\tjQuery(spinnerDiv).appendTo('#fullsizecustom839');\ttid('spinnercustom839').style.visibility = 'visible';\tvar slideshowcustom839 = new TINY.slideshow(\"slideshowcustom839\");\tjQuery(document).ready(function() {\t\tslideshowcustom839.auto = true;\t\tslideshowcustom839.speed = 10;\t\tslideshowcustom839.effect = \"slide\";\t\tslideshowcustom839.slide_direction = \"lr\";\t\tslideshowcustom839.easing = \"swing\";\t\tslideshowcustom839.alwaysauto = false;\t\tslideshowcustom839.autoheight = false;\t\tslideshowcustom839.autoheight_max = false;\t\tslideshowcustom839.imgSpeed = 2;\t\tslideshowcustom839.navOpacity = 25;\t\tslideshowcustom839.navHover = 75;\t\tslideshowcustom839.letterbox = \"#000000\";\t\tslideshowcustom839.linkclass = \"linkhover\";\t\tslideshowcustom839.imagesid = \"imagescustom839\";\t\tslideshowcustom839.info = \"\";\t\tslideshowcustom839.infoonhover = 0;\t\tslideshowcustom839.infoSpeed = 10;\t\tslideshowcustom839.infodelay = 0;\t\tslideshowcustom839.infofade = 0;\t\tslideshowcustom839.infofadedelay = 0;\t\tslideshowcustom839.thumbs = \"\";\t\tslideshowcustom839.thumbOpacity = 70;\t\tslideshowcustom839.left = \"slideleftcustom839\";\t\tslideshowcustom839.right = \"sliderightcustom839\";\t\tslideshowcustom839.scrollSpeed = 5;\t\tslideshowcustom839.spacing = 5;\t\tslideshowcustom839.active = \"#ffffff\";\t\tslideshowcustom839.imagesthickbox = \"false\";\t\tjQuery(\"#spinnercustom839\").remove();\t\tslideshowcustom839.init(\"slideshowcustom839\",\"imagecustom839\",\"imgprevcustom839\",\"imgnextcustom839\",\"imglinkcustom839\");\t\ttid('slideshow-wrappercustom839').style.visibility = 'visible';\t\tjQuery(window).trigger('resize');\t\t\t\t\t});\t\t\t<\/script>\t\t<!-- Slideshow Gallery Javascript END --><!-- Slideshow Gallery CSS BEG --><style id=\"style-custom839\">\t\tul.slideshowhttp:\/\/custom839 { list-style:none !important; color:#fff; }\n\t\tul.slideshowcustom839 span { display:none; }\n\t\t#slideshow-wrappercustom839 { overflow:hidden; position:relative; width:1080px; background:#000000; padding:0 0 0 0; border:1px solid #CCCCCC; margin:0; display:none; }\n\t\t#slideshow-wrappercustom839 * { margin:0; padding:0; }\n\t\t#slideshow-wrappercustom839 #fullsizecustom839 { position:relative; z-index:1; overflow:hidden; width:1080px; height:608px; clear:both; border: none; }\n\t\t#slideshow-wrappercustom839 #informationcustom839 { text-align:left; font-family:Verdana, Arial, Helvetica, sans-serif !important; position:absolute; bottom:0; width:1080px; height:0; background:#000000; color:#FFFFFF; overflow:hidden; z-index:300; opacity:.7; filter:alpha(opacity=70); }\n\t\t#slideshow-wrappercustom839 #informationcustom839 h3 { color:#FFFFFF; padding:4px 8px 3px; margin:0 !important; font-size:16px; font-weight:bold; }\n\t\t#slideshow-wrappercustom839 #informationcustom839 a { color:#FFFFFF; }\n\t\t#slideshow-wrappercustom839 #informationcustom839 p { color:#FFFFFF; padding:0 8px 8px; margin:0 !important; font-size: 14px; font-weight:normal; }\n\t\t#slideshow-wrappercustom839 .infotop { margin-bottom:8px !important; top:0; }\n\t\t#slideshow-wrappercustom839 .infobottom { margin-top:8px !important; bottom:0; }\n\t\t\t\t\t#slideshow-wrappercustom839 #imagecustom839 { width:1080px; }\n\t\t\t#slideshow-wrappercustom839 #imagecustom839 img { border:none; border-radius:0; box-shadow:none; position:absolute; height:auto; max-width:100%; margin:0 auto; display:block; }\n\t\t\t\t#slideshow-wrappercustom839 .imgnav { position:absolute; width:25%; height:100%; cursor:pointer; z-index:250; }\n\t\t#slideshow-wrappercustom839 #imgprevcustom839:before { font-family:FontAwesome; content:\"\\f053\"; font-size:30px; color:white; visibility:visible; left:0; text-align:left; width: auto; height:auto; line-height:160%; top:50%; margin:-30px 0 0 0; border-radius:0 10px 10px 0; background:black; padding:3px 10px 0 10px; position: absolute; display: inline-block; \t}\n\t\t#slideshow-wrappercustom839 #imgprevcustom839 { display:none; -moz-user-select: none; -khtml-user-select: none; -webkit-user-select: none; -o-user-select: none; left:0; font-size:0px; }\n\t\t#slideshow-wrappercustom839 #imgnextcustom839:before { font-family:FontAwesome; content:\"\\f054\"; font-size:30px; color:white; visibility:visible; right:0; text-align:right; width: auto; height:auto; line-height:160%; top:50%; margin:-30px 0 0 0; border-radius:10px 0 0 10px; background:black; padding:3px 10px 0 10px; position: absolute; display: inline-block; }\n\t\t#slideshow-wrappercustom839 #imgnextcustom839 { display:none; -moz-user-select: none; -khtml-user-select: none; -webkit-user-select: none; -o-user-select: none; right:0; font-size:0px; }\n\t\t#slideshow-wrappercustom839 #imglinkcustom839 { position:absolute; zoom:1; background-color:#ffffff; height:100%; width:100%; left:0; z-index:149; opacity:0; filter:alpha(opacity=0); }\n\t\t#slideshow-wrappercustom839 .linkhover:before { font-family:FontAwesome; content:\"\\f14c\"; font-size:30px; text-align:center; height:auto; line-height:160%; width:auto; top:50%; left:auto; right:auto; margin:-30px 0 0 0; padding:0px 12px; display: inline-block; position: relative; background:black; color:white; border-radius:10px; }\n\t\t#slideshow-wrappercustom839 .linkhover { background:transparent !important; opacity:.4 !important; filter:alpha(opacity=40) !important; text-align:center; font-size:0px; }\n\t\t#slideshow-wrappercustom839 #thumbnailscustom839 { background:#000000; }\n\t\t#slideshow-wrappercustom839 .thumbstop { margin-bottom:8px !important; }\n\t\t#slideshow-wrappercustom839 .thumbsbot { margin-top:8px !important; }\n\t\t#slideshow-wrappercustom839 #slideleftcustom839:before { font-family:FontAwesome; content: \"\\f104\"; color:#999; position: absolute; height: auto; line-height:160%; width: auto; display: inline-block; top: 50%; font-size: 30px; margin: -30px 0 0 0; padding: 0 5px; }\n\t\t#slideshow-wrappercustom839 #slideleftcustom839 { text-align:left; float:left; position:relative; width:20px; height:89px; background:#222; }\n\t\t#slideshow-wrappercustom839 #slideleftcustom839:hover { background-color:#333; }\n\t\t#slideshow-wrappercustom839 #sliderightcustom839:before { font-family:FontAwesome; content: \"\\f105\"; color:#999; position: absolute; height: auto; line-height:160%; width: auto; display: inline-block; top: 50%; font-size: 30px; margin: -30px 0 0 0; padding: 0 5px; }\n\t\t#slideshow-wrappercustom839 #sliderightcustom839 { text-align:left; float:right; position:relative; width:20px; height:89px; background:#222; }\n\t\t#slideshow-wrappercustom839 #sliderightcustom839:hover { background-color:#333; }\n\t\t#slideshow-wrappercustom839 #slideareacustom839 { float:left; position:relative; background:#000000; width:1025px; margin:0 5px; height:89px; overflow:hidden; }\n\t\t#slideshow-wrappercustom839 #slidercustom839 { position:absolute; width:504px !important; left:0; height:89px; }\n\t\t#slideshow-wrappercustom839 #slidercustom839 img { width:100px; height:75px; cursor:pointer; border:1px solid #666; padding:2px; float:left !important; }\n\t\t#slideshow-wrappercustom839 #spinnercustom839 { position:relative; top:50%; left:45%; text-align:left; font-size:30px; }\t\n\t\t#slideshow-wrappercustom839 #spinnercustom839 img { border:none; }\n\t\t\t\t\t<\/style><!-- Slideshow Gallery CSS END --><\/div>\n<div><\/div>\n<div><\/div>\n<div>F\u00fcr die neusten Info schaut einfach in unseren <a href=\"http:\/\/www.rv-eile.de\/index.php\/blog\/\">Blog<\/a> und schaut ruhig mal in den <a href=\"https:\/\/www.rv-eile.de\/index.php\/events\/\">Terminkalender<\/a><\/div>\n<div><\/div>\n<table>\n<tbody>\n<tr>\n<td><\/td>\n<td><\/td>\n<\/tr>\n<tr>\n<td><strong>Die aktuellen Touren findet ihr auf Komoot<\/strong><\/td>\n<td><strong>Folgt uns auch gerne auf Intagram<\/strong><\/td>\n<\/tr>\n<tr>\n<td>\u00a0<a href=\"https:\/\/www.komoot.com\/de-de\/user\/2091892522115\"><img loading=\"lazy\" decoding=\"async\" class=\"wp-image-592 alignleft\" src=\"https:\/\/www.rv-eile.de\/wp-content\/uploads\/2024\/03\/20240321_140813-286x300.jpg\" class=\"grouped_elements\" rel=\"tc-fancybox-group5\" alt=\"eile bei kommot\" width=\"168\" height=\"193\" \/><\/a><\/td>\n<td><a href=\"https:\/\/www.instagram.com\/rv_eile\"><img loading=\"lazy\" decoding=\"async\" class=\"wp-image-592 alignleft\" src=\"http:\/\/www.rv-eile.de\/wp-content\/uploads\/2024\/02\/rv_eile_qr-261x300.png\" class=\"grouped_elements\" rel=\"tc-fancybox-group5\" alt=\"eile bei Instagram\" width=\"168\" height=\"193\" srcset=\"https:\/\/www.rv-eile.de\/wp-content\/uploads\/2024\/02\/rv_eile_qr-261x300.png 261w, https:\/\/www.rv-eile.de\/wp-content\/uploads\/2024\/02\/rv_eile_qr-131x150.png 131w, https:\/\/www.rv-eile.de\/wp-content\/uploads\/2024\/02\/rv_eile_qr-891x1024.png 891w\" sizes=\"(max-width: 168px) 100vw, 168px\" \/><\/a><\/td>\n<\/tr>\n<\/tbody>\n<\/table>\n","protected":false},"excerpt":{"rendered":"<p>\u00a0Herzlich Willkommen auf der Webseite des Radfahrvereins Eile Degerschlacht! \u201eRadfahren wird gr\u00fcblerischen Naturen die Frage nach dem Sinn des Lebens nicht beantworten, aber stundenweise begl\u00fcckend von ihr wegf\u00fchren&#8220;Michael Klonovsky, Autor [&hellip;]<\/p>\n","protected":false},"author":1,"featured_media":0,"parent":0,"menu_order":0,"comment_status":"closed","ping_status":"closed","template":"","meta":{"footnotes":""},"myctp_categories":[31,30,29],"myctp_tags":[32,34,37,36,35,39,43,40,45,44,41,33,46,42,38,47],"_links":{"self":[{"href":"https:\/\/www.rv-eile.de\/index.php\/wp-json\/wp\/v2\/pages\/5"}],"collection":[{"href":"https:\/\/www.rv-eile.de\/index.php\/wp-json\/wp\/v2\/pages"}],"about":[{"href":"https:\/\/www.rv-eile.de\/index.php\/wp-json\/wp\/v2\/types\/page"}],"author":[{"embeddable":true,"href":"https:\/\/www.rv-eile.de\/index.php\/wp-json\/wp\/v2\/users\/1"}],"replies":[{"embeddable":true,"href":"https:\/\/www.rv-eile.de\/index.php\/wp-json\/wp\/v2\/comments?post=5"}],"version-history":[{"count":18,"href":"https:\/\/www.rv-eile.de\/index.php\/wp-json\/wp\/v2\/pages\/5\/revisions"}],"predecessor-version":[{"id":669,"href":"https:\/\/www.rv-eile.de\/index.php\/wp-json\/wp\/v2\/pages\/5\/revisions\/669"}],"wp:attachment":[{"href":"https:\/\/www.rv-eile.de\/index.php\/wp-json\/wp\/v2\/media?parent=5"}],"wp:term":[{"taxonomy":"myctp_categories","embeddable":true,"href":"https:\/\/www.rv-eile.de\/index.php\/wp-json\/wp\/v2\/myctp_categories?post=5"},{"taxonomy":"myctp_tags","embeddable":true,"href":"https:\/\/www.rv-eile.de\/index.php\/wp-json\/wp\/v2\/myctp_tags?post=5"}],"curies":[{"name":"wp","href":"https:\/\/api.w.org\/{rel}","templated":true}]}}