{"id":282,"date":"2015-04-28T20:37:08","date_gmt":"2015-04-28T18:37:08","guid":{"rendered":"http:\/\/eiledemo.serveblog.net:4711\/wordpress\/?page_id=282"},"modified":"2020-09-07T13:02:29","modified_gmt":"2020-09-07T11:02:29","slug":"partner-sponsoren","status":"publish","type":"page","link":"https:\/\/www.rv-eile.de\/index.php\/partner-sponsoren\/","title":{"rendered":"Partner &#038; Sponsoren"},"content":{"rendered":"<p>Wir danken allen Partnern und Sponsoren f\u00fcr die vertrauensvolle Zusammenarbeit so wie f\u00fcr finanzielle Unterst\u00fctzung und hoffen weiterhin auf eine gute Zusammenarbeit<\/p>\n<p>&nbsp;<\/p>\n<table>\n<tbody>\n<tr>\n<td><a href=\"http:\/\/www.rubs.de\/\" target=\"_blank\"><img loading=\"lazy\" decoding=\"async\" class=\"aligncenter  wp-image-311\" src=\"https:\/\/www.rv-eile.de\/wp-content\/uploads\/2015\/04\/logo-rubs1.png\" class=\"grouped_elements\" rel=\"tc-fancybox-group282\" alt=\"logo-rubs\" width=\"197\" height=\"197\" srcset=\"https:\/\/www.rv-eile.de\/wp-content\/uploads\/2015\/04\/logo-rubs1.png 250w, https:\/\/www.rv-eile.de\/wp-content\/uploads\/2015\/04\/logo-rubs1-150x150.png 150w\" sizes=\"(max-width: 197px) 100vw, 197px\" \/><\/a><\/td>\n<td>Renn + Bikesport Axel Sch\u00e4fer<br \/>\nWilhelmstr. 108<br \/>\n72805 Lichtenstein<br \/>\n<a href=\"http:\/\/www.rubs.de\/\" target=\"_blank\">www.rubs.de<\/a><\/td>\n<\/tr>\n<tr>\n<td><img loading=\"lazy\" decoding=\"async\" class=\"aligncenter size-full wp-image-312\" src=\"https:\/\/www.rv-eile.de\/wp-content\/uploads\/2015\/04\/radlpeter1.jpeg\" alt=\"radlpeter\" width=\"200\" height=\"123\" srcset=\"https:\/\/www.rv-eile.de\/wp-content\/uploads\/2015\/04\/radlpeter1.jpeg 200w, https:\/\/www.rv-eile.de\/wp-content\/uploads\/2015\/04\/radlpeter1-150x92.jpeg 150w\" sizes=\"(max-width: 200px) 100vw, 200px\" \/><\/td>\n<td>Radl Peter Der Rennrad Experte<br \/>\nAm Steinacker 8<br \/>\n72555 Metzingen<\/td>\n<\/tr>\n<tr>\n<td style=\"text-align: center;\" colspan=\"2\">\u00a0 Unsere Webseite hostet:<\/td>\n<\/tr>\n<tr>\n<td><a href=\"http:\/\/www.kemm.de\" target=\"_blank\"><img loading=\"lazy\" decoding=\"async\" class=\"aligncenter  wp-image-309\" src=\"https:\/\/www.rv-eile.de\/wp-content\/uploads\/2015\/04\/KemmSchild1.jpg\" class=\"grouped_elements\" rel=\"tc-fancybox-group282\" alt=\"KemmSchild\" width=\"622\" height=\"129\" srcset=\"https:\/\/www.rv-eile.de\/wp-content\/uploads\/2015\/04\/KemmSchild1.jpg 800w, https:\/\/www.rv-eile.de\/wp-content\/uploads\/2015\/04\/KemmSchild1-150x31.jpg 150w, https:\/\/www.rv-eile.de\/wp-content\/uploads\/2015\/04\/KemmSchild1-300x62.jpg 300w\" sizes=\"(max-width: 622px) 100vw, 622px\" \/><\/a><\/td>\n<td>Kemm|it<br \/>\nEicke Kemm<br \/>\nSteinachstr. 11<br \/>\n72770 Reutlingen<br \/>\n<a href=\"http:\/\/www.kemm.de\" target=\"_blank\">www.kemm.de<\/a><\/td>\n<\/tr>\n<\/tbody>\n<\/table>\n<p>&nbsp;<\/p>\n<p>&nbsp;<\/p>\n<p>&nbsp;<\/p>\n","protected":false},"excerpt":{"rendered":"<p>Wir danken allen Partnern und Sponsoren f\u00fcr die vertrauensvolle Zusammenarbeit so wie f\u00fcr finanzielle Unterst\u00fctzung und hoffen weiterhin auf eine gute Zusammenarbeit &nbsp; Renn + Bikesport Axel Sch\u00e4fer Wilhelmstr. 108 [&hellip;]<\/p>\n","protected":false},"author":1,"featured_media":0,"parent":0,"menu_order":0,"comment_status":"open","ping_status":"closed","template":"","meta":{"footnotes":""},"myctp_categories":[],"myctp_tags":[],"_links":{"self":[{"href":"https:\/\/www.rv-eile.de\/index.php\/wp-json\/wp\/v2\/pages\/282"}],"collection":[{"href":"https:\/\/www.rv-eile.de\/index.php\/wp-json\/wp\/v2\/pages"}],"about":[{"href":"https:\/\/www.rv-eile.de\/index.php\/wp-json\/wp\/v2\/types\/page"}],"author":[{"embeddable":true,"href":"https:\/\/www.rv-eile.de\/index.php\/wp-json\/wp\/v2\/users\/1"}],"replies":[{"embeddable":true,"href":"https:\/\/www.rv-eile.de\/index.php\/wp-json\/wp\/v2\/comments?post=282"}],"version-history":[{"count":7,"href":"https:\/\/www.rv-eile.de\/index.php\/wp-json\/wp\/v2\/pages\/282\/revisions"}],"predecessor-version":[{"id":560,"href":"https:\/\/www.rv-eile.de\/index.php\/wp-json\/wp\/v2\/pages\/282\/revisions\/560"}],"wp:attachment":[{"href":"https:\/\/www.rv-eile.de\/index.php\/wp-json\/wp\/v2\/media?parent=282"}],"wp:term":[{"taxonomy":"myctp_categories","embeddable":true,"href":"https:\/\/www.rv-eile.de\/index.php\/wp-json\/wp\/v2\/myctp_categories?post=282"},{"taxonomy":"myctp_tags","embeddable":true,"href":"https:\/\/www.rv-eile.de\/index.php\/wp-json\/wp\/v2\/myctp_tags?post=282"}],"curies":[{"name":"wp","href":"https:\/\/api.w.org\/{rel}","templated":true}]}}